{"id":57,"date":"2024-08-11T12:05:01","date_gmt":"2024-08-11T10:05:01","guid":{"rendered":"https:\/\/www.dys-challenge.cz\/?page_id=57"},"modified":"2026-04-09T10:20:51","modified_gmt":"2026-04-09T08:20:51","slug":"nasi-lektori","status":"publish","type":"page","link":"https:\/\/www.dys-challenge.cz\/?page_id=57","title":{"rendered":"Programy"},"content":{"rendered":"\n<p>DYS-CHALLENGE poskytuje rozvojov\u00e9 programy pro d\u011bti v oblastech jazykov\u00e9 komunikace, matematick\u00e9ho a logick\u00e9ho my\u0161len\u00ed, u\u010debn\u00edch strategi\u00ed a pracovn\u00edho tempa.<\/p>\n\n\n\n<p>DYS-CHALLENGE poskytuje rovn\u011b\u017e pomoc dosp\u011bl\u00fdm. Nab\u00edz\u00edme individualizovan\u00e9 rozvojov\u00e9 programy v oblasti komunikace, pracovn\u00edho tempa a logick\u00e9ho my\u0161len\u00ed.<\/p>\n","protected":false},"excerpt":{"rendered":"<p>DYS-CHALLENGE poskytuje rozvojov\u00e9 programy pro d\u011bti v oblastech jazykov\u00e9 komunikace, matematick\u00e9ho a logick\u00e9ho my\u0161len\u00ed, u\u010debn\u00edch strategi\u00ed a pracovn\u00edho tempa. DYS-CHALLENGE poskytuje rovn\u011b\u017e pomoc dosp\u011bl\u00fdm. Nab\u00edz\u00edme individualizovan\u00e9 rozvojov\u00e9 programy v oblasti komunikace, pracovn\u00edho tempa a logick\u00e9ho my\u0161len\u00ed.<\/p>\n","protected":false},"author":1,"featured_media":0,"parent":0,"menu_order":0,"comment_status":"closed","ping_status":"closed","template":"","meta":{"_monsterinsights_skip_tracking":false,"_monsterinsights_sitenote_active":false,"_monsterinsights_sitenote_note":"","_monsterinsights_sitenote_category":0,"footnotes":""},"class_list":["post-57","page","type-page","status-publish","hentry"],"yoast_head":"<!-- This site is optimized with the Yoast SEO plugin v27.5 - https:\/\/yoast.com\/product\/yoast-seo-wordpress\/ -->\n<title>Programy - DYS-CHALLENGE<\/title>\n<meta name=\"robots\" content=\"index, follow, max-snippet:-1, max-image-preview:large, max-video-preview:-1\" \/>\n<link rel=\"canonical\" href=\"https:\/\/www.dys-challenge.cz\/?page_id=57\" \/>\n<meta property=\"og:locale\" content=\"cs_CZ\" \/>\n<meta property=\"og:type\" content=\"article\" \/>\n<meta property=\"og:title\" content=\"Programy - DYS-CHALLENGE\" \/>\n<meta property=\"og:description\" content=\"DYS-CHALLENGE poskytuje rozvojov\u00e9 programy pro d\u011bti v oblastech jazykov\u00e9 komunikace, matematick\u00e9ho a logick\u00e9ho my\u0161len\u00ed, u\u010debn\u00edch strategi\u00ed a pracovn\u00edho tempa. DYS-CHALLENGE poskytuje rovn\u011b\u017e pomoc dosp\u011bl\u00fdm. Nab\u00edz\u00edme individualizovan\u00e9 rozvojov\u00e9 programy v oblasti komunikace, pracovn\u00edho tempa a logick\u00e9ho my\u0161len\u00ed.\" \/>\n<meta property=\"og:url\" content=\"https:\/\/www.dys-challenge.cz\/?page_id=57\" \/>\n<meta property=\"og:site_name\" content=\"DYS-CHALLENGE\" \/>\n<meta property=\"article:modified_time\" content=\"2026-04-09T08:20:51+00:00\" \/>\n<meta name=\"twitter:card\" content=\"summary_large_image\" \/>\n<meta name=\"twitter:label1\" content=\"Odhadovan\u00e1 doba \u010dten\u00ed\" \/>\n\t<meta name=\"twitter:data1\" content=\"1 minuta\" \/>\n<script type=\"application\/ld+json\" class=\"yoast-schema-graph\">{\"@context\":\"https:\\\/\\\/schema.org\",\"@graph\":[{\"@type\":\"WebPage\",\"@id\":\"https:\\\/\\\/www.dys-challenge.cz\\\/?page_id=57\",\"url\":\"https:\\\/\\\/www.dys-challenge.cz\\\/?page_id=57\",\"name\":\"Programy - DYS-CHALLENGE\",\"isPartOf\":{\"@id\":\"https:\\\/\\\/www.dys-challenge.cz\\\/#website\"},\"datePublished\":\"2024-08-11T10:05:01+00:00\",\"dateModified\":\"2026-04-09T08:20:51+00:00\",\"breadcrumb\":{\"@id\":\"https:\\\/\\\/www.dys-challenge.cz\\\/?page_id=57#breadcrumb\"},\"inLanguage\":\"cs\",\"potentialAction\":[{\"@type\":\"ReadAction\",\"target\":[\"https:\\\/\\\/www.dys-challenge.cz\\\/?page_id=57\"]}]},{\"@type\":\"BreadcrumbList\",\"@id\":\"https:\\\/\\\/www.dys-challenge.cz\\\/?page_id=57#breadcrumb\",\"itemListElement\":[{\"@type\":\"ListItem\",\"position\":1,\"name\":\"Home\",\"item\":\"https:\\\/\\\/www.dys-challenge.cz\\\/\"},{\"@type\":\"ListItem\",\"position\":2,\"name\":\"Programy\"}]},{\"@type\":\"WebSite\",\"@id\":\"https:\\\/\\\/www.dys-challenge.cz\\\/#website\",\"url\":\"https:\\\/\\\/www.dys-challenge.cz\\\/\",\"name\":\"DYS-CHALLENGE\",\"description\":\"Institut efektivn\u00edho vzd\u011bl\u00e1v\u00e1n\u00ed\",\"potentialAction\":[{\"@type\":\"SearchAction\",\"target\":{\"@type\":\"EntryPoint\",\"urlTemplate\":\"https:\\\/\\\/www.dys-challenge.cz\\\/?s={search_term_string}\"},\"query-input\":{\"@type\":\"PropertyValueSpecification\",\"valueRequired\":true,\"valueName\":\"search_term_string\"}}],\"inLanguage\":\"cs\"}]}<\/script>\n<!-- \/ Yoast SEO plugin. -->","yoast_head_json":{"title":"Programy - DYS-CHALLENGE","robots":{"index":"index","follow":"follow","max-snippet":"max-snippet:-1","max-image-preview":"max-image-preview:large","max-video-preview":"max-video-preview:-1"},"canonical":"https:\/\/www.dys-challenge.cz\/?page_id=57","og_locale":"cs_CZ","og_type":"article","og_title":"Programy - DYS-CHALLENGE","og_description":"DYS-CHALLENGE poskytuje rozvojov\u00e9 programy pro d\u011bti v oblastech jazykov\u00e9 komunikace, matematick\u00e9ho a logick\u00e9ho my\u0161len\u00ed, u\u010debn\u00edch strategi\u00ed a pracovn\u00edho tempa. DYS-CHALLENGE poskytuje rovn\u011b\u017e pomoc dosp\u011bl\u00fdm. Nab\u00edz\u00edme individualizovan\u00e9 rozvojov\u00e9 programy v oblasti komunikace, pracovn\u00edho tempa a logick\u00e9ho my\u0161len\u00ed.","og_url":"https:\/\/www.dys-challenge.cz\/?page_id=57","og_site_name":"DYS-CHALLENGE","article_modified_time":"2026-04-09T08:20:51+00:00","twitter_card":"summary_large_image","twitter_misc":{"Odhadovan\u00e1 doba \u010dten\u00ed":"1 minuta"},"schema":{"@context":"https:\/\/schema.org","@graph":[{"@type":"WebPage","@id":"https:\/\/www.dys-challenge.cz\/?page_id=57","url":"https:\/\/www.dys-challenge.cz\/?page_id=57","name":"Programy - DYS-CHALLENGE","isPartOf":{"@id":"https:\/\/www.dys-challenge.cz\/#website"},"datePublished":"2024-08-11T10:05:01+00:00","dateModified":"2026-04-09T08:20:51+00:00","breadcrumb":{"@id":"https:\/\/www.dys-challenge.cz\/?page_id=57#breadcrumb"},"inLanguage":"cs","potentialAction":[{"@type":"ReadAction","target":["https:\/\/www.dys-challenge.cz\/?page_id=57"]}]},{"@type":"BreadcrumbList","@id":"https:\/\/www.dys-challenge.cz\/?page_id=57#breadcrumb","itemListElement":[{"@type":"ListItem","position":1,"name":"Home","item":"https:\/\/www.dys-challenge.cz\/"},{"@type":"ListItem","position":2,"name":"Programy"}]},{"@type":"WebSite","@id":"https:\/\/www.dys-challenge.cz\/#website","url":"https:\/\/www.dys-challenge.cz\/","name":"DYS-CHALLENGE","description":"Institut efektivn\u00edho vzd\u011bl\u00e1v\u00e1n\u00ed","potentialAction":[{"@type":"SearchAction","target":{"@type":"EntryPoint","urlTemplate":"https:\/\/www.dys-challenge.cz\/?s={search_term_string}"},"query-input":{"@type":"PropertyValueSpecification","valueRequired":true,"valueName":"search_term_string"}}],"inLanguage":"cs"}]}},"_links":{"self":[{"href":"https:\/\/www.dys-challenge.cz\/index.php?rest_route=\/wp\/v2\/pages\/57","targetHints":{"allow":["GET"]}}],"collection":[{"href":"https:\/\/www.dys-challenge.cz\/index.php?rest_route=\/wp\/v2\/pages"}],"about":[{"href":"https:\/\/www.dys-challenge.cz\/index.php?rest_route=\/wp\/v2\/types\/page"}],"author":[{"embeddable":true,"href":"https:\/\/www.dys-challenge.cz\/index.php?rest_route=\/wp\/v2\/users\/1"}],"replies":[{"embeddable":true,"href":"https:\/\/www.dys-challenge.cz\/index.php?rest_route=%2Fwp%2Fv2%2Fcomments&post=57"}],"version-history":[{"count":5,"href":"https:\/\/www.dys-challenge.cz\/index.php?rest_route=\/wp\/v2\/pages\/57\/revisions"}],"predecessor-version":[{"id":81,"href":"https:\/\/www.dys-challenge.cz\/index.php?rest_route=\/wp\/v2\/pages\/57\/revisions\/81"}],"wp:attachment":[{"href":"https:\/\/www.dys-challenge.cz\/index.php?rest_route=%2Fwp%2Fv2%2Fmedia&parent=57"}],"curies":[{"name":"wp","href":"https:\/\/api.w.org\/{rel}","templated":true}]}}