{"id":2,"date":"2024-03-19T14:54:47","date_gmt":"2024-03-19T13:54:47","guid":{"rendered":"https:\/\/www.dys-challenge.cz\/?page_id=2"},"modified":"2026-04-09T10:23:01","modified_gmt":"2026-04-09T08:23:01","slug":"uvodni-stranka","status":"publish","type":"page","link":"https:\/\/www.dys-challenge.cz\/","title":{"rendered":"DYS-CHALLENGE, Institut efektivn\u00edho vzd\u011bl\u00e1v\u00e1n\u00ed\u00a0"},"content":{"rendered":"\n<p>V DYS-CHALLENGE se specializujeme na diagnostiku a reedukaci d\u011bt\u00ed p\u0159ed\u0161koln\u00edho v\u011bku a d\u011bt\u00ed z\u00e1kladn\u00edch \u0161kol, kter\u00e9 maj\u00ed pot\u00ed\u017ee s \u010dten\u00edm, psan\u00edm, pravopisem nebo po\u010d\u00edt\u00e1n\u00edm. Na\u0161\u00edm posl\u00e1n\u00edm je pomoci d\u011btem p\u0159ekonat sv\u00e9 specifick\u00e9 poruchy u\u010den\u00ed a dos\u00e1hnout \u00fasp\u011bchu ve \u0161kole i v \u017eivot\u011b.\u00a0D\u00e1le nab\u00edz\u00edme tak\u00e9 individualizovan\u00e9 rozvojov\u00e9 programy pro dosp\u011bl\u00e9.<\/p>\n\n\n\n<p><strong><mark style=\"background-color:rgba(0, 0, 0, 0)\" class=\"has-inline-color has-pale-cyan-blue-color\">Pro\u010d si vybrat DYS-CHALLENGE?<\/mark>&nbsp;<\/strong><\/p>\n\n\n\n<ul class=\"wp-block-list\">\n<li><strong>Individu\u00e1ln\u00ed p\u0159\u00edstup<\/strong> &#8211; Ka\u017ed\u00e9 d\u00edt\u011b je pro n\u00e1s jedine\u010dn\u00e9 a m\u00e1 sv\u00e9 individu\u00e1ln\u00ed pot\u0159eby. Proto nab\u00edz\u00edme individu\u00e1ln\u00ed pl\u00e1n reedukace, kter\u00fd je p\u0159izp\u016fsoben schopnostem, z\u00e1jm\u016fm a tempu d\u00edt\u011bte.\u00a0<\/li>\n<\/ul>\n\n\n\n<ul class=\"wp-block-list\">\n<li><strong>Propracovan\u00e9 metody diagnostiky<\/strong> &#8211; P\u0159ed zah\u00e1jen\u00edm reedukace prov\u00e1d\u00edme podrobnou diagnostiku, kter\u00e1 zahrnuje testy, pozorov\u00e1n\u00ed a rozhovory s d\u00edt\u011btem, rodi\u010di a u\u010diteli. Na z\u00e1klad\u011b v\u00fdsledk\u016f diagnostiky stanov\u00edme c\u00edle, obsah a metody reedukace.&nbsp;<\/li>\n<\/ul>\n\n\n\n<ul class=\"wp-block-list\">\n<li><strong>Dlouholet\u00e1 praxe a excelentn\u00ed p\u0159esnost<\/strong> &#8211; M\u00e1me v\u00edce ne\u017e 20 let zku\u0161enost\u00ed s reedukac\u00ed d\u011bt\u00ed s r\u016fzn\u00fdmi formami poruchy u\u010den\u00ed, a\u0165 u\u017e jde o dyslexii, dysgrafii, dysortografii nebo dyskalkulii. Na\u0161e metody jsou ov\u011b\u0159en\u00e9 v\u011bdeck\u00fdmi studiemi a maj\u00ed vysokou \u00fasp\u011b\u0161nost.&nbsp;<\/li>\n<\/ul>\n\n\n\n<ul class=\"wp-block-list\">\n<li><strong>Vysok\u00e1 spokojenost a hmatateln\u00e9 v\u00fdsledky<\/strong> &#8211; Na\u0161i klienti n\u00e1s doporu\u010duj\u00ed a vrac\u00ed se k n\u00e1m. Na\u0161e reedukace p\u0159in\u00e1\u0161\u00ed d\u011btem zlep\u0161en\u00ed ve \u010dten\u00ed, psan\u00ed, pravopisu a po\u010d\u00edt\u00e1n\u00ed, zvy\u0161uje jejich sebev\u011bdom\u00ed a motivaci k u\u010den\u00ed.&nbsp;<\/li>\n<\/ul>\n\n\n\n<p><mark style=\"background-color:rgba(0, 0, 0, 0)\" class=\"has-inline-color has-pale-cyan-blue-color\"><strong>Jak prob\u00edh\u00e1 reedukace?&nbsp;<\/strong><\/mark><\/p>\n\n\n\n<p>Reedukace prob\u00edh\u00e1 v na\u0161em institutu nebo online. Ka\u017ed\u00e1 reedukace trv\u00e1 45 minut a je veden\u00e1 kvalifikovan\u00fdm pr\u016fvodcem. P\u0159i reedukaci se zam\u011b\u0159ujeme na rozvoj kl\u00ed\u010dov\u00fdch dovednost\u00ed, jako je fonologick\u00e9 pov\u011bdom\u00ed, grafomotorika, pam\u011b\u0165, pozornost, strategie a metakognice. Reedukace je z\u00e1bavn\u00e1 a interaktivn\u00ed, vyu\u017e\u00edv\u00e1me r\u016fzn\u00e9 hry, materi\u00e1ly a technologie. Reedukaci dopl\u0148ujeme dom\u00e1c\u00edmi \u00fakoly a cvi\u010den\u00edmi, kter\u00e9 d\u00edt\u011bti pom\u00e1haj\u00ed procvi\u010dovat a upev\u0148ovat nabyt\u00e9 dovednosti.&nbsp;<\/p>\n\n\n\n<p><mark style=\"background-color:rgba(0, 0, 0, 0)\" class=\"has-inline-color has-pale-cyan-blue-color\"><strong>Jak se m\u016f\u017eete p\u0159ihl\u00e1sit?&nbsp;<\/strong><\/mark><\/p>\n\n\n\n<p>Pokud m\u00e1te z\u00e1jem o na\u0161e slu\u017eby, m\u016f\u017eete n\u00e1s <a href=\"https:\/\/www.dys-challenge.cz\/?page_id=27\">kontaktovat <\/a>telefonicky nebo e-mailem. R\u00e1di v\u00e1m poskytneme v\u00edce informac\u00ed a domluv\u00edme si term\u00edn prvn\u00ed konzultace.&nbsp;<\/p>\n","protected":false},"excerpt":{"rendered":"<p>V DYS-CHALLENGE se specializujeme na diagnostiku a reedukaci d\u011bt\u00ed p\u0159ed\u0161koln\u00edho v\u011bku a d\u011bt\u00ed z\u00e1kladn\u00edch \u0161kol, kter\u00e9 maj\u00ed pot\u00ed\u017ee s \u010dten\u00edm, psan\u00edm, pravopisem nebo po\u010d\u00edt\u00e1n\u00edm. Na\u0161\u00edm posl\u00e1n\u00edm je pomoci d\u011btem p\u0159ekonat sv\u00e9 specifick\u00e9 poruchy u\u010den\u00ed a dos\u00e1hnout \u00fasp\u011bchu ve \u0161kole i v \u017eivot\u011b.\u00a0D\u00e1le nab\u00edz\u00edme tak\u00e9 individualizovan\u00e9 rozvojov\u00e9 programy pro dosp\u011bl\u00e9. Pro\u010d si vybrat DYS-CHALLENGE?&nbsp; Jak prob\u00edh\u00e1 [&hellip;]<\/p>\n","protected":false},"author":1,"featured_media":0,"parent":0,"menu_order":0,"comment_status":"closed","ping_status":"open","template":"","meta":{"_monsterinsights_skip_tracking":false,"_monsterinsights_sitenote_active":false,"_monsterinsights_sitenote_note":"","_monsterinsights_sitenote_category":0,"footnotes":""},"class_list":["post-2","page","type-page","status-publish","hentry"],"yoast_head":"<!-- This site is optimized with the Yoast SEO plugin v27.5 - https:\/\/yoast.com\/product\/yoast-seo-wordpress\/ -->\n<title>DYS-CHALLENGE, Institut efektivn\u00edho vzd\u011bl\u00e1v\u00e1n\u00ed\u00a0 - DYS-CHALLENGE<\/title>\n<meta name=\"description\" content=\"DYS-CHALLENGE, institut efektivn\u00edho vzd\u011bl\u00e1v\u00e1n\u00ed - dos\u00e1hn\u011bte s n\u00e1mi \u00fasp\u011bchu ve \u0161kole i v \u017eivot\u011b. Diagnostika a reedukace poruchy u\u010den\u00ed.\" \/>\n<meta name=\"robots\" content=\"index, follow, max-snippet:-1, max-image-preview:large, max-video-preview:-1\" \/>\n<link rel=\"canonical\" href=\"https:\/\/www.dys-challenge.cz\/\" \/>\n<meta property=\"og:locale\" content=\"cs_CZ\" \/>\n<meta property=\"og:type\" content=\"article\" \/>\n<meta property=\"og:title\" content=\"DYS-CHALLENGE, Institut efektivn\u00edho vzd\u011bl\u00e1v\u00e1n\u00ed\u00a0 - DYS-CHALLENGE\" \/>\n<meta property=\"og:description\" content=\"DYS-CHALLENGE, institut efektivn\u00edho vzd\u011bl\u00e1v\u00e1n\u00ed - dos\u00e1hn\u011bte s n\u00e1mi \u00fasp\u011bchu ve \u0161kole i v \u017eivot\u011b. Diagnostika a reedukace poruchy u\u010den\u00ed.\" \/>\n<meta property=\"og:url\" content=\"https:\/\/www.dys-challenge.cz\/\" \/>\n<meta property=\"og:site_name\" content=\"DYS-CHALLENGE\" \/>\n<meta property=\"article:modified_time\" content=\"2026-04-09T08:23:01+00:00\" \/>\n<meta name=\"twitter:card\" content=\"summary_large_image\" \/>\n<meta name=\"twitter:label1\" content=\"Odhadovan\u00e1 doba \u010dten\u00ed\" \/>\n\t<meta name=\"twitter:data1\" content=\"2 minuty\" \/>\n<script type=\"application\/ld+json\" class=\"yoast-schema-graph\">{\"@context\":\"https:\\\/\\\/schema.org\",\"@graph\":[{\"@type\":\"WebPage\",\"@id\":\"https:\\\/\\\/www.dys-challenge.cz\\\/\",\"url\":\"https:\\\/\\\/www.dys-challenge.cz\\\/\",\"name\":\"DYS-CHALLENGE, Institut efektivn\u00edho vzd\u011bl\u00e1v\u00e1n\u00ed\u00a0 - DYS-CHALLENGE\",\"isPartOf\":{\"@id\":\"https:\\\/\\\/www.dys-challenge.cz\\\/#website\"},\"datePublished\":\"2024-03-19T13:54:47+00:00\",\"dateModified\":\"2026-04-09T08:23:01+00:00\",\"description\":\"DYS-CHALLENGE, institut efektivn\u00edho vzd\u011bl\u00e1v\u00e1n\u00ed - dos\u00e1hn\u011bte s n\u00e1mi \u00fasp\u011bchu ve \u0161kole i v \u017eivot\u011b. Diagnostika a reedukace poruchy u\u010den\u00ed.\",\"breadcrumb\":{\"@id\":\"https:\\\/\\\/www.dys-challenge.cz\\\/#breadcrumb\"},\"inLanguage\":\"cs\",\"potentialAction\":[{\"@type\":\"ReadAction\",\"target\":[\"https:\\\/\\\/www.dys-challenge.cz\\\/\"]}]},{\"@type\":\"BreadcrumbList\",\"@id\":\"https:\\\/\\\/www.dys-challenge.cz\\\/#breadcrumb\",\"itemListElement\":[{\"@type\":\"ListItem\",\"position\":1,\"name\":\"Home\",\"item\":\"https:\\\/\\\/www.dys-challenge.cz\\\/\"},{\"@type\":\"ListItem\",\"position\":2,\"name\":\"DYS-CHALLENGE, Institut efektivn\u00edho vzd\u011bl\u00e1v\u00e1n\u00ed\u00a0\"}]},{\"@type\":\"WebSite\",\"@id\":\"https:\\\/\\\/www.dys-challenge.cz\\\/#website\",\"url\":\"https:\\\/\\\/www.dys-challenge.cz\\\/\",\"name\":\"DYS-CHALLENGE\",\"description\":\"Institut efektivn\u00edho vzd\u011bl\u00e1v\u00e1n\u00ed\",\"potentialAction\":[{\"@type\":\"SearchAction\",\"target\":{\"@type\":\"EntryPoint\",\"urlTemplate\":\"https:\\\/\\\/www.dys-challenge.cz\\\/?s={search_term_string}\"},\"query-input\":{\"@type\":\"PropertyValueSpecification\",\"valueRequired\":true,\"valueName\":\"search_term_string\"}}],\"inLanguage\":\"cs\"}]}<\/script>\n<!-- \/ Yoast SEO plugin. -->","yoast_head_json":{"title":"DYS-CHALLENGE, Institut efektivn\u00edho vzd\u011bl\u00e1v\u00e1n\u00ed\u00a0 - DYS-CHALLENGE","description":"DYS-CHALLENGE, institut efektivn\u00edho vzd\u011bl\u00e1v\u00e1n\u00ed - dos\u00e1hn\u011bte s n\u00e1mi \u00fasp\u011bchu ve \u0161kole i v \u017eivot\u011b. Diagnostika a reedukace poruchy u\u010den\u00ed.","robots":{"index":"index","follow":"follow","max-snippet":"max-snippet:-1","max-image-preview":"max-image-preview:large","max-video-preview":"max-video-preview:-1"},"canonical":"https:\/\/www.dys-challenge.cz\/","og_locale":"cs_CZ","og_type":"article","og_title":"DYS-CHALLENGE, Institut efektivn\u00edho vzd\u011bl\u00e1v\u00e1n\u00ed\u00a0 - DYS-CHALLENGE","og_description":"DYS-CHALLENGE, institut efektivn\u00edho vzd\u011bl\u00e1v\u00e1n\u00ed - dos\u00e1hn\u011bte s n\u00e1mi \u00fasp\u011bchu ve \u0161kole i v \u017eivot\u011b. Diagnostika a reedukace poruchy u\u010den\u00ed.","og_url":"https:\/\/www.dys-challenge.cz\/","og_site_name":"DYS-CHALLENGE","article_modified_time":"2026-04-09T08:23:01+00:00","twitter_card":"summary_large_image","twitter_misc":{"Odhadovan\u00e1 doba \u010dten\u00ed":"2 minuty"},"schema":{"@context":"https:\/\/schema.org","@graph":[{"@type":"WebPage","@id":"https:\/\/www.dys-challenge.cz\/","url":"https:\/\/www.dys-challenge.cz\/","name":"DYS-CHALLENGE, Institut efektivn\u00edho vzd\u011bl\u00e1v\u00e1n\u00ed\u00a0 - DYS-CHALLENGE","isPartOf":{"@id":"https:\/\/www.dys-challenge.cz\/#website"},"datePublished":"2024-03-19T13:54:47+00:00","dateModified":"2026-04-09T08:23:01+00:00","description":"DYS-CHALLENGE, institut efektivn\u00edho vzd\u011bl\u00e1v\u00e1n\u00ed - dos\u00e1hn\u011bte s n\u00e1mi \u00fasp\u011bchu ve \u0161kole i v \u017eivot\u011b. Diagnostika a reedukace poruchy u\u010den\u00ed.","breadcrumb":{"@id":"https:\/\/www.dys-challenge.cz\/#breadcrumb"},"inLanguage":"cs","potentialAction":[{"@type":"ReadAction","target":["https:\/\/www.dys-challenge.cz\/"]}]},{"@type":"BreadcrumbList","@id":"https:\/\/www.dys-challenge.cz\/#breadcrumb","itemListElement":[{"@type":"ListItem","position":1,"name":"Home","item":"https:\/\/www.dys-challenge.cz\/"},{"@type":"ListItem","position":2,"name":"DYS-CHALLENGE, Institut efektivn\u00edho vzd\u011bl\u00e1v\u00e1n\u00ed\u00a0"}]},{"@type":"WebSite","@id":"https:\/\/www.dys-challenge.cz\/#website","url":"https:\/\/www.dys-challenge.cz\/","name":"DYS-CHALLENGE","description":"Institut efektivn\u00edho vzd\u011bl\u00e1v\u00e1n\u00ed","potentialAction":[{"@type":"SearchAction","target":{"@type":"EntryPoint","urlTemplate":"https:\/\/www.dys-challenge.cz\/?s={search_term_string}"},"query-input":{"@type":"PropertyValueSpecification","valueRequired":true,"valueName":"search_term_string"}}],"inLanguage":"cs"}]}},"_links":{"self":[{"href":"https:\/\/www.dys-challenge.cz\/index.php?rest_route=\/wp\/v2\/pages\/2","targetHints":{"allow":["GET"]}}],"collection":[{"href":"https:\/\/www.dys-challenge.cz\/index.php?rest_route=\/wp\/v2\/pages"}],"about":[{"href":"https:\/\/www.dys-challenge.cz\/index.php?rest_route=\/wp\/v2\/types\/page"}],"author":[{"embeddable":true,"href":"https:\/\/www.dys-challenge.cz\/index.php?rest_route=\/wp\/v2\/users\/1"}],"replies":[{"embeddable":true,"href":"https:\/\/www.dys-challenge.cz\/index.php?rest_route=%2Fwp%2Fv2%2Fcomments&post=2"}],"version-history":[{"count":6,"href":"https:\/\/www.dys-challenge.cz\/index.php?rest_route=\/wp\/v2\/pages\/2\/revisions"}],"predecessor-version":[{"id":84,"href":"https:\/\/www.dys-challenge.cz\/index.php?rest_route=\/wp\/v2\/pages\/2\/revisions\/84"}],"wp:attachment":[{"href":"https:\/\/www.dys-challenge.cz\/index.php?rest_route=%2Fwp%2Fv2%2Fmedia&parent=2"}],"curies":[{"name":"wp","href":"https:\/\/api.w.org\/{rel}","templated":true}]}}